{"id":23370,"date":"2024-01-23T21:29:16","date_gmt":"2024-01-23T21:29:16","guid":{"rendered":"https:\/\/hostifull.hostifull.com\/paskyra\/"},"modified":"2024-01-30T12:45:51","modified_gmt":"2024-01-30T12:45:51","slug":"paskyra","status":"publish","type":"page","link":"https:\/\/hostifull.hostifull.com\/lt\/paskyra\/","title":{"rendered":"Paskyra"},"content":{"rendered":"\t\t<div data-elementor-type=\"wp-page\" data-elementor-id=\"23370\" class=\"elementor elementor-23370 elementor-22698\" data-elementor-settings=\"{&quot;premium_particles_zindex&quot;:0,&quot;premium_particles_responsive&quot;:[&quot;desktop&quot;,&quot;tablet&quot;,&quot;mobile&quot;]}\">\n\t\t\t\t\t\t\t\t\t<section class=\"elementor-section elementor-top-section elementor-element elementor-element-99f8a9f elementor-section-boxed elementor-section-height-default elementor-section-height-default\" data-id=\"99f8a9f\" data-element_type=\"section\" data-settings=\"{&quot;background_background&quot;:&quot;classic&quot;,&quot;premium_particles_zindex&quot;:0,&quot;premium_particles_responsive&quot;:[&quot;desktop&quot;,&quot;tablet&quot;,&quot;mobile&quot;]}\">\n\t\t\t\t\t\t\t<div class=\"elementor-background-overlay\"><\/div>\n\t\t\t\t\t\t\t<div class=\"elementor-container elementor-column-gap-default\">\n\t\t\t\t\t<div class=\"elementor-column elementor-col-100 elementor-top-column elementor-element elementor-element-11c3225\" data-id=\"11c3225\" data-element_type=\"column\" data-settings=\"{&quot;premium_particles_zindex&quot;:0,&quot;premium_particles_responsive&quot;:[&quot;desktop&quot;,&quot;tablet&quot;,&quot;mobile&quot;]}\">\n\t\t\t<div class=\"elementor-widget-wrap elementor-element-populated\">\n\t\t\t\t\t\t\t\t<div class=\"elementor-element elementor-element-ae16504 elementor-widget__width-inherit a-mobilecenter elementor-widget-mobile__width-inherit aleft elementor-widget elementor-widget-wgl-double-heading\" data-id=\"ae16504\" data-element_type=\"widget\" data-widget_type=\"wgl-double-heading.default\">\n\t\t\t\t<div class=\"elementor-widget-container\">\n\t\t\t<div class=\"wgl-double-heading\"><h1 class=\"dblh__title-wrapper\"><span class=\"dblh__title dblh__title-1\">MANO PASKYRA<\/span><\/h1><\/div>\t\t<\/div>\n\t\t\t\t<\/div>\n\t\t\t\t\t<\/div>\n\t\t<\/div>\n\t\t\t\t\t\t\t<\/div>\n\t\t<\/section>\n\t\t<div class=\"elementor-element elementor-element-91263c1 e-flex e-con-boxed e-con\" data-id=\"91263c1\" data-element_type=\"container\" data-settings=\"{&quot;background_background&quot;:&quot;classic&quot;,&quot;content_width&quot;:&quot;boxed&quot;,&quot;premium_particles_zindex&quot;:0,&quot;premium_particles_responsive&quot;:[&quot;desktop&quot;,&quot;tablet&quot;,&quot;mobile&quot;]}\">\n\t\t\t\t\t<div class=\"e-con-inner\">\n\t\t\t\t<div class=\"elementor-element elementor-element-656827d e-my-account-tabs-vertical elementor-widget elementor-widget-woocommerce-my-account\" data-id=\"656827d\" data-element_type=\"widget\" data-widget_type=\"woocommerce-my-account.default\">\n\t\t\t\t<div class=\"elementor-widget-container\">\n\t\t\t<link rel=\"stylesheet\" href=\"https:\/\/hostifull.hostifull.com\/wp-content\/plugins\/elementor-pro\/assets\/css\/widget-woocommerce.min.css\"><div class=\"e-my-account-tab e-my-account-tab__ \">\t\t\t<span class=\"elementor-hidden\">[woocommerce_my_account]<\/span>\n\t\t\t<div class=\"woocommerce\"><\/div>\t\t<\/div>\n\t\t\t\t<\/div>\n\t\t\t\t<\/div>\n\t\t\t\t\t<\/div>\n\t\t\t\t<\/div>\n\t\t\t\t\t\t\t<\/div>\n\t\t","protected":false},"excerpt":{"rendered":"<p>MANO PASKYRA Informacijos suvestin\u0117 U\u017esakymai Atsisiuntimai Adresai Payment methods Paskyros detal\u0117s Atsijungti Hello admin (not admin? Log out) From your account dashboard you can view your recent orders, manage your shipping and billing addresses, and edit your password and account details.<\/p>\n","protected":false},"author":1,"featured_media":0,"parent":0,"menu_order":0,"comment_status":"closed","ping_status":"closed","template":"","meta":{"footnotes":""},"yoast_head":"<!-- This site is optimized with the Yoast SEO plugin v21.9.1 - https:\/\/yoast.com\/wordpress\/plugins\/seo\/ -->\n<title>Paskyra - Hostifull<\/title>\n<meta name=\"description\" content=\"Skaitykite daugiau apie Paskyra \u0161iame puslapyje. Hostifull si\u016blo interneto svetaini\u0173 k\u016brim\u0105, dizain\u0105, talpinim\u0105, VPS, analitikos paslaugas ir kitus interneto sprendimus.\" \/>\n<meta name=\"robots\" content=\"index, follow, max-snippet:-1, max-image-preview:large, max-video-preview:-1\" \/>\n<link rel=\"canonical\" href=\"https:\/\/hostifull.hostifull.com\/account\/\" \/>\n<meta property=\"og:locale\" content=\"lt_LT\" \/>\n<meta property=\"og:type\" content=\"article\" \/>\n<meta property=\"og:title\" content=\"Paskyra - Hostifull\" \/>\n<meta property=\"og:description\" content=\"Skaitykite daugiau apie Paskyra \u0161iame puslapyje. Hostifull si\u016blo interneto svetaini\u0173 k\u016brim\u0105, dizain\u0105, talpinim\u0105, VPS, analitikos paslaugas ir kitus interneto sprendimus.\" \/>\n<meta property=\"og:url\" content=\"https:\/\/hostifull.hostifull.com\/account\/\" \/>\n<meta property=\"og:site_name\" content=\"Hostifull\" \/>\n<meta property=\"article:modified_time\" content=\"2024-01-30T12:45:51+00:00\" \/>\n<meta name=\"twitter:card\" content=\"summary_large_image\" \/>\n<meta name=\"twitter:site\" content=\"@hostifull\" \/>\n<meta name=\"twitter:label1\" content=\"Est. reading time\" \/>\n\t<meta name=\"twitter:data1\" content=\"1 minut\u0117\" \/>\n<script type=\"application\/ld+json\" class=\"yoast-schema-graph\">{\"@context\":\"https:\/\/schema.org\",\"@graph\":[{\"@type\":\"WebPage\",\"@id\":\"https:\/\/hostifull.hostifull.com\/account\/\",\"url\":\"https:\/\/hostifull.hostifull.com\/account\/\",\"name\":\"Paskyra - Hostifull\",\"isPartOf\":{\"@id\":\"https:\/\/hostifull.hostifull.com\/#website\"},\"datePublished\":\"2024-01-23T21:29:16+00:00\",\"dateModified\":\"2024-01-30T12:45:51+00:00\",\"description\":\"Skaitykite daugiau apie Paskyra \u0161iame puslapyje. Hostifull si\u016blo interneto svetaini\u0173 k\u016brim\u0105, dizain\u0105, talpinim\u0105, VPS, analitikos paslaugas ir kitus interneto sprendimus.\",\"breadcrumb\":{\"@id\":\"https:\/\/hostifull.hostifull.com\/account\/#breadcrumb\"},\"inLanguage\":\"lt-LT\",\"potentialAction\":[{\"@type\":\"ReadAction\",\"target\":[\"https:\/\/hostifull.hostifull.com\/account\/\"]}]},{\"@type\":\"BreadcrumbList\",\"@id\":\"https:\/\/hostifull.hostifull.com\/account\/#breadcrumb\",\"itemListElement\":[{\"@type\":\"ListItem\",\"position\":1,\"name\":\"Home\",\"item\":\"https:\/\/hostifull.hostifull.com\/\"},{\"@type\":\"ListItem\",\"position\":2,\"name\":\"Paskyra\"}]},{\"@type\":\"WebSite\",\"@id\":\"https:\/\/hostifull.hostifull.com\/#website\",\"url\":\"https:\/\/hostifull.hostifull.com\/\",\"name\":\"Hostifull\",\"description\":\"Hostingas ir svetaini\u0173 k\u016brimo paslaugos\",\"publisher\":{\"@id\":\"https:\/\/hostifull.hostifull.com\/#organization\"},\"potentialAction\":[{\"@type\":\"SearchAction\",\"target\":{\"@type\":\"EntryPoint\",\"urlTemplate\":\"https:\/\/hostifull.hostifull.com\/?s={search_term_string}\"},\"query-input\":\"required name=search_term_string\"}],\"inLanguage\":\"lt-LT\"},{\"@type\":\"Organization\",\"@id\":\"https:\/\/hostifull.hostifull.com\/#organization\",\"name\":\"Hostifull\",\"url\":\"https:\/\/hostifull.hostifull.com\/\",\"logo\":{\"@type\":\"ImageObject\",\"inLanguage\":\"lt-LT\",\"@id\":\"https:\/\/hostifull.hostifull.com\/#\/schema\/logo\/image\/\",\"url\":\"https:\/\/hostifull.hostifull.com\/wp-content\/uploads\/2023\/10\/hostifull-card-e1705088322439.png\",\"contentUrl\":\"https:\/\/hostifull.hostifull.com\/wp-content\/uploads\/2023\/10\/hostifull-card-e1705088322439.png\",\"width\":350,\"height\":141,\"caption\":\"Hostifull\"},\"image\":{\"@id\":\"https:\/\/hostifull.hostifull.com\/#\/schema\/logo\/image\/\"},\"sameAs\":[\"https:\/\/twitter.com\/hostifull\",\"https:\/\/www.linkedin.com\/company\/hostifull\/\"]}]}<\/script>\n<!-- \/ Yoast SEO plugin. -->","yoast_head_json":{"title":"Paskyra - Hostifull","description":"Skaitykite daugiau apie Paskyra \u0161iame puslapyje. Hostifull si\u016blo interneto svetaini\u0173 k\u016brim\u0105, dizain\u0105, talpinim\u0105, VPS, analitikos paslaugas ir kitus interneto sprendimus.","robots":{"index":"index","follow":"follow","max-snippet":"max-snippet:-1","max-image-preview":"max-image-preview:large","max-video-preview":"max-video-preview:-1"},"canonical":"https:\/\/hostifull.hostifull.com\/account\/","og_locale":"lt_LT","og_type":"article","og_title":"Paskyra - Hostifull","og_description":"Skaitykite daugiau apie Paskyra \u0161iame puslapyje. Hostifull si\u016blo interneto svetaini\u0173 k\u016brim\u0105, dizain\u0105, talpinim\u0105, VPS, analitikos paslaugas ir kitus interneto sprendimus.","og_url":"https:\/\/hostifull.hostifull.com\/account\/","og_site_name":"Hostifull","article_modified_time":"2024-01-30T12:45:51+00:00","twitter_card":"summary_large_image","twitter_site":"@hostifull","twitter_misc":{"Est. reading time":"1 minut\u0117"},"schema":{"@context":"https:\/\/schema.org","@graph":[{"@type":"WebPage","@id":"https:\/\/hostifull.hostifull.com\/account\/","url":"https:\/\/hostifull.hostifull.com\/account\/","name":"Paskyra - Hostifull","isPartOf":{"@id":"https:\/\/hostifull.hostifull.com\/#website"},"datePublished":"2024-01-23T21:29:16+00:00","dateModified":"2024-01-30T12:45:51+00:00","description":"Skaitykite daugiau apie Paskyra \u0161iame puslapyje. Hostifull si\u016blo interneto svetaini\u0173 k\u016brim\u0105, dizain\u0105, talpinim\u0105, VPS, analitikos paslaugas ir kitus interneto sprendimus.","breadcrumb":{"@id":"https:\/\/hostifull.hostifull.com\/account\/#breadcrumb"},"inLanguage":"lt-LT","potentialAction":[{"@type":"ReadAction","target":["https:\/\/hostifull.hostifull.com\/account\/"]}]},{"@type":"BreadcrumbList","@id":"https:\/\/hostifull.hostifull.com\/account\/#breadcrumb","itemListElement":[{"@type":"ListItem","position":1,"name":"Home","item":"https:\/\/hostifull.hostifull.com\/"},{"@type":"ListItem","position":2,"name":"Paskyra"}]},{"@type":"WebSite","@id":"https:\/\/hostifull.hostifull.com\/#website","url":"https:\/\/hostifull.hostifull.com\/","name":"Hostifull","description":"Hostingas ir svetaini\u0173 k\u016brimo paslaugos","publisher":{"@id":"https:\/\/hostifull.hostifull.com\/#organization"},"potentialAction":[{"@type":"SearchAction","target":{"@type":"EntryPoint","urlTemplate":"https:\/\/hostifull.hostifull.com\/?s={search_term_string}"},"query-input":"required name=search_term_string"}],"inLanguage":"lt-LT"},{"@type":"Organization","@id":"https:\/\/hostifull.hostifull.com\/#organization","name":"Hostifull","url":"https:\/\/hostifull.hostifull.com\/","logo":{"@type":"ImageObject","inLanguage":"lt-LT","@id":"https:\/\/hostifull.hostifull.com\/#\/schema\/logo\/image\/","url":"https:\/\/hostifull.hostifull.com\/wp-content\/uploads\/2023\/10\/hostifull-card-e1705088322439.png","contentUrl":"https:\/\/hostifull.hostifull.com\/wp-content\/uploads\/2023\/10\/hostifull-card-e1705088322439.png","width":350,"height":141,"caption":"Hostifull"},"image":{"@id":"https:\/\/hostifull.hostifull.com\/#\/schema\/logo\/image\/"},"sameAs":["https:\/\/twitter.com\/hostifull","https:\/\/www.linkedin.com\/company\/hostifull\/"]}]}},"jetpack_sharing_enabled":true,"_links":{"self":[{"href":"https:\/\/hostifull.hostifull.com\/lt\/wp-json\/wp\/v2\/pages\/23370"}],"collection":[{"href":"https:\/\/hostifull.hostifull.com\/lt\/wp-json\/wp\/v2\/pages"}],"about":[{"href":"https:\/\/hostifull.hostifull.com\/lt\/wp-json\/wp\/v2\/types\/page"}],"author":[{"embeddable":true,"href":"https:\/\/hostifull.hostifull.com\/lt\/wp-json\/wp\/v2\/users\/1"}],"replies":[{"embeddable":true,"href":"https:\/\/hostifull.hostifull.com\/lt\/wp-json\/wp\/v2\/comments?post=23370"}],"version-history":[{"count":5,"href":"https:\/\/hostifull.hostifull.com\/lt\/wp-json\/wp\/v2\/pages\/23370\/revisions"}],"predecessor-version":[{"id":23375,"href":"https:\/\/hostifull.hostifull.com\/lt\/wp-json\/wp\/v2\/pages\/23370\/revisions\/23375"}],"wp:attachment":[{"href":"https:\/\/hostifull.hostifull.com\/lt\/wp-json\/wp\/v2\/media?parent=23370"}],"curies":[{"name":"wp","href":"https:\/\/api.w.org\/{rel}","templated":true}]}}