{"id":23637,"date":"2024-01-25T20:53:28","date_gmt":"2024-01-25T20:53:28","guid":{"rendered":"https:\/\/hostifull.hostifull.com\/product\/ds2\/"},"modified":"2024-02-02T22:52:36","modified_gmt":"2024-02-02T22:52:36","slug":"ds2","status":"publish","type":"product","link":"https:\/\/hostifull.hostifull.com\/lt\/produktas\/ds2\/","title":{"rendered":"DS2"},"content":{"rendered":"<ul>\n<li class=\"elementor-icon-list-item\"><span class=\"elementor-icon-list-text\">12 CPU Branduoli\u0173<\/span><\/li>\n<li class=\"elementor-icon-list-item\"><span class=\"elementor-icon-list-text\">1 TB NVMe SSD Vietos<\/span><\/li>\n<li class=\"elementor-icon-list-item\"><span class=\"elementor-icon-list-text\">128 GB RAM<\/span><\/li>\n<li class=\"elementor-icon-list-item\"><span class=\"elementor-icon-list-text\">1 GBit Uplink<\/span><\/li>\n<li class=\"elementor-icon-list-item\"><span class=\"elementor-icon-list-text\">30 TP Srautas<\/span><\/li>\n<\/ul>\n<p>Atsiskaitoma kas m\u0117nes\u012f. D\u0117l speciali\u0173 pasi\u016blym\u0173 susisiekite su mumis.<\/p>\n","protected":false},"excerpt":{"rendered":"<p>12 CPU Branduoli\u0173 1 TB NVMe SSD Vietos 128 GB RAM 1 GBit Uplink 30 TP Srautas Atsiskaitoma kas m\u0117nes\u012f. D\u0117l speciali\u0173 pasi\u016blym\u0173 susisiekite su mumis.<\/p>\n","protected":false},"featured_media":23263,"comment_status":"open","ping_status":"closed","template":"","meta":[],"product_cat":[153],"product_tag":[],"yoast_head":"<!-- This site is optimized with the Yoast SEO plugin v21.9.1 - https:\/\/yoast.com\/wordpress\/plugins\/seo\/ -->\n<title>DS2 - Hostifull<\/title>\n<meta name=\"description\" content=\"Skaitykite daugiau apie DS2 \u0161iame puslapyje. Hostifull si\u016blo interneto svetaini\u0173 k\u016brim\u0105, dizain\u0105, talpinim\u0105, VPS, analitikos paslaugas ir kitus interneto sprendimus.\" \/>\n<meta name=\"robots\" content=\"index, follow, max-snippet:-1, max-image-preview:large, max-video-preview:-1\" \/>\n<link rel=\"canonical\" href=\"https:\/\/hostifull.hostifull.com\/lt\/produktas\/ds2\/\" \/>\n<meta property=\"og:locale\" content=\"lt_LT\" \/>\n<meta property=\"og:type\" content=\"article\" \/>\n<meta property=\"og:title\" content=\"DS2 - Hostifull\" \/>\n<meta property=\"og:description\" content=\"Skaitykite daugiau apie DS2 \u0161iame puslapyje. Hostifull si\u016blo interneto svetaini\u0173 k\u016brim\u0105, dizain\u0105, talpinim\u0105, VPS, analitikos paslaugas ir kitus interneto sprendimus.\" \/>\n<meta property=\"og:url\" content=\"https:\/\/hostifull.hostifull.com\/lt\/produktas\/ds2\/\" \/>\n<meta property=\"og:site_name\" content=\"Hostifull\" \/>\n<meta property=\"article:modified_time\" content=\"2024-02-02T22:52:36+00:00\" \/>\n<meta property=\"og:image\" content=\"https:\/\/i0.wp.com\/hostifull.com\/wp-content\/uploads\/2024\/01\/icon-03.png?fit=298%2C298&ssl=1\" \/>\n\t<meta property=\"og:image:width\" content=\"298\" \/>\n\t<meta property=\"og:image:height\" content=\"298\" \/>\n\t<meta property=\"og:image:type\" content=\"image\/png\" \/>\n<meta name=\"twitter:card\" content=\"summary_large_image\" \/>\n<meta name=\"twitter:site\" content=\"@hostifull\" \/>\n<script type=\"application\/ld+json\" class=\"yoast-schema-graph\">{\"@context\":\"https:\/\/schema.org\",\"@graph\":[{\"@type\":\"WebPage\",\"@id\":\"https:\/\/hostifull.hostifull.com\/lt\/produktas\/ds2\/\",\"url\":\"https:\/\/hostifull.hostifull.com\/lt\/produktas\/ds2\/\",\"name\":\"DS2 - Hostifull\",\"isPartOf\":{\"@id\":\"https:\/\/hostifull.hostifull.com\/#website\"},\"datePublished\":\"2024-01-25T20:53:28+00:00\",\"dateModified\":\"2024-02-02T22:52:36+00:00\",\"description\":\"Skaitykite daugiau apie DS2 \u0161iame puslapyje. Hostifull si\u016blo interneto svetaini\u0173 k\u016brim\u0105, dizain\u0105, talpinim\u0105, VPS, analitikos paslaugas ir kitus interneto sprendimus.\",\"breadcrumb\":{\"@id\":\"https:\/\/hostifull.hostifull.com\/lt\/produktas\/ds2\/#breadcrumb\"},\"inLanguage\":\"lt-LT\",\"potentialAction\":[{\"@type\":\"ReadAction\",\"target\":[\"https:\/\/hostifull.hostifull.com\/lt\/produktas\/ds2\/\"]}]},{\"@type\":\"BreadcrumbList\",\"@id\":\"https:\/\/hostifull.hostifull.com\/lt\/produktas\/ds2\/#breadcrumb\",\"itemListElement\":[{\"@type\":\"ListItem\",\"position\":1,\"name\":\"Home\",\"item\":\"https:\/\/hostifull.hostifull.com\/\"},{\"@type\":\"ListItem\",\"position\":2,\"name\":\"Parduotuv\u0117\",\"item\":\"https:\/\/hostifull.hostifull.com\/lt\/parduotuve\/\"},{\"@type\":\"ListItem\",\"position\":3,\"name\":\"DS2\"}]},{\"@type\":\"WebSite\",\"@id\":\"https:\/\/hostifull.hostifull.com\/#website\",\"url\":\"https:\/\/hostifull.hostifull.com\/\",\"name\":\"Hostifull\",\"description\":\"Hostingas ir svetaini\u0173 k\u016brimo paslaugos\",\"publisher\":{\"@id\":\"https:\/\/hostifull.hostifull.com\/#organization\"},\"potentialAction\":[{\"@type\":\"SearchAction\",\"target\":{\"@type\":\"EntryPoint\",\"urlTemplate\":\"https:\/\/hostifull.hostifull.com\/?s={search_term_string}\"},\"query-input\":\"required name=search_term_string\"}],\"inLanguage\":\"lt-LT\"},{\"@type\":\"Organization\",\"@id\":\"https:\/\/hostifull.hostifull.com\/#organization\",\"name\":\"Hostifull\",\"url\":\"https:\/\/hostifull.hostifull.com\/\",\"logo\":{\"@type\":\"ImageObject\",\"inLanguage\":\"lt-LT\",\"@id\":\"https:\/\/hostifull.hostifull.com\/#\/schema\/logo\/image\/\",\"url\":\"https:\/\/hostifull.hostifull.com\/wp-content\/uploads\/2023\/10\/hostifull-card-e1705088322439.png\",\"contentUrl\":\"https:\/\/hostifull.hostifull.com\/wp-content\/uploads\/2023\/10\/hostifull-card-e1705088322439.png\",\"width\":350,\"height\":141,\"caption\":\"Hostifull\"},\"image\":{\"@id\":\"https:\/\/hostifull.hostifull.com\/#\/schema\/logo\/image\/\"},\"sameAs\":[\"https:\/\/twitter.com\/hostifull\",\"https:\/\/www.linkedin.com\/company\/hostifull\/\"]}]}<\/script>\n<!-- \/ Yoast SEO plugin. -->","yoast_head_json":{"title":"DS2 - Hostifull","description":"Skaitykite daugiau apie DS2 \u0161iame puslapyje. Hostifull si\u016blo interneto svetaini\u0173 k\u016brim\u0105, dizain\u0105, talpinim\u0105, VPS, analitikos paslaugas ir kitus interneto sprendimus.","robots":{"index":"index","follow":"follow","max-snippet":"max-snippet:-1","max-image-preview":"max-image-preview:large","max-video-preview":"max-video-preview:-1"},"canonical":"https:\/\/hostifull.hostifull.com\/lt\/produktas\/ds2\/","og_locale":"lt_LT","og_type":"article","og_title":"DS2 - Hostifull","og_description":"Skaitykite daugiau apie DS2 \u0161iame puslapyje. Hostifull si\u016blo interneto svetaini\u0173 k\u016brim\u0105, dizain\u0105, talpinim\u0105, VPS, analitikos paslaugas ir kitus interneto sprendimus.","og_url":"https:\/\/hostifull.hostifull.com\/lt\/produktas\/ds2\/","og_site_name":"Hostifull","article_modified_time":"2024-02-02T22:52:36+00:00","og_image":[{"width":298,"height":298,"url":"https:\/\/i0.wp.com\/hostifull.com\/wp-content\/uploads\/2024\/01\/icon-03.png?fit=298%2C298&ssl=1","type":"image\/png"}],"twitter_card":"summary_large_image","twitter_site":"@hostifull","schema":{"@context":"https:\/\/schema.org","@graph":[{"@type":"WebPage","@id":"https:\/\/hostifull.hostifull.com\/lt\/produktas\/ds2\/","url":"https:\/\/hostifull.hostifull.com\/lt\/produktas\/ds2\/","name":"DS2 - Hostifull","isPartOf":{"@id":"https:\/\/hostifull.hostifull.com\/#website"},"datePublished":"2024-01-25T20:53:28+00:00","dateModified":"2024-02-02T22:52:36+00:00","description":"Skaitykite daugiau apie DS2 \u0161iame puslapyje. Hostifull si\u016blo interneto svetaini\u0173 k\u016brim\u0105, dizain\u0105, talpinim\u0105, VPS, analitikos paslaugas ir kitus interneto sprendimus.","breadcrumb":{"@id":"https:\/\/hostifull.hostifull.com\/lt\/produktas\/ds2\/#breadcrumb"},"inLanguage":"lt-LT","potentialAction":[{"@type":"ReadAction","target":["https:\/\/hostifull.hostifull.com\/lt\/produktas\/ds2\/"]}]},{"@type":"BreadcrumbList","@id":"https:\/\/hostifull.hostifull.com\/lt\/produktas\/ds2\/#breadcrumb","itemListElement":[{"@type":"ListItem","position":1,"name":"Home","item":"https:\/\/hostifull.hostifull.com\/"},{"@type":"ListItem","position":2,"name":"Parduotuv\u0117","item":"https:\/\/hostifull.hostifull.com\/lt\/parduotuve\/"},{"@type":"ListItem","position":3,"name":"DS2"}]},{"@type":"WebSite","@id":"https:\/\/hostifull.hostifull.com\/#website","url":"https:\/\/hostifull.hostifull.com\/","name":"Hostifull","description":"Hostingas ir svetaini\u0173 k\u016brimo paslaugos","publisher":{"@id":"https:\/\/hostifull.hostifull.com\/#organization"},"potentialAction":[{"@type":"SearchAction","target":{"@type":"EntryPoint","urlTemplate":"https:\/\/hostifull.hostifull.com\/?s={search_term_string}"},"query-input":"required name=search_term_string"}],"inLanguage":"lt-LT"},{"@type":"Organization","@id":"https:\/\/hostifull.hostifull.com\/#organization","name":"Hostifull","url":"https:\/\/hostifull.hostifull.com\/","logo":{"@type":"ImageObject","inLanguage":"lt-LT","@id":"https:\/\/hostifull.hostifull.com\/#\/schema\/logo\/image\/","url":"https:\/\/hostifull.hostifull.com\/wp-content\/uploads\/2023\/10\/hostifull-card-e1705088322439.png","contentUrl":"https:\/\/hostifull.hostifull.com\/wp-content\/uploads\/2023\/10\/hostifull-card-e1705088322439.png","width":350,"height":141,"caption":"Hostifull"},"image":{"@id":"https:\/\/hostifull.hostifull.com\/#\/schema\/logo\/image\/"},"sameAs":["https:\/\/twitter.com\/hostifull","https:\/\/www.linkedin.com\/company\/hostifull\/"]}]}},"jetpack_sharing_enabled":true,"_links":{"self":[{"href":"https:\/\/hostifull.hostifull.com\/lt\/wp-json\/wp\/v2\/product\/23637"}],"collection":[{"href":"https:\/\/hostifull.hostifull.com\/lt\/wp-json\/wp\/v2\/product"}],"about":[{"href":"https:\/\/hostifull.hostifull.com\/lt\/wp-json\/wp\/v2\/types\/product"}],"replies":[{"embeddable":true,"href":"https:\/\/hostifull.hostifull.com\/lt\/wp-json\/wp\/v2\/comments?post=23637"}],"wp:featuredmedia":[{"embeddable":true,"href":"https:\/\/hostifull.hostifull.com\/lt\/wp-json\/wp\/v2\/media\/23263"}],"wp:attachment":[{"href":"https:\/\/hostifull.hostifull.com\/lt\/wp-json\/wp\/v2\/media?parent=23637"}],"wp:term":[{"taxonomy":"product_cat","embeddable":true,"href":"https:\/\/hostifull.hostifull.com\/lt\/wp-json\/wp\/v2\/product_cat?post=23637"},{"taxonomy":"product_tag","embeddable":true,"href":"https:\/\/hostifull.hostifull.com\/lt\/wp-json\/wp\/v2\/product_tag?post=23637"}],"curies":[{"name":"wp","href":"https:\/\/api.w.org\/{rel}","templated":true}]}}