{"id":23640,"date":"2024-01-25T20:40:34","date_gmt":"2024-01-25T20:40:34","guid":{"rendered":"https:\/\/hostifull.hostifull.com\/product\/vps2\/"},"modified":"2024-01-25T20:40:34","modified_gmt":"2024-01-25T20:40:34","slug":"vps2","status":"publish","type":"product","link":"https:\/\/hostifull.hostifull.com\/lt\/produktas\/vps2\/","title":{"rendered":"VPS2"},"content":{"rendered":"<ul>\n<li class=\"elementor-icon-list-item\"><span class=\"elementor-icon-list-text\">2 CPU Branduoliai<\/span><\/li>\n<li class=\"elementor-icon-list-item\"><span class=\"elementor-icon-list-text\">4 GB RAM<\/span><\/li>\n<li class=\"elementor-icon-list-item\"><span class=\"elementor-icon-list-text\">20 GB NVMe SSD Vietos<\/span><\/li>\n<li class=\"elementor-icon-list-item\"><span class=\"elementor-icon-list-text\">1 Dedikuotas IP<\/span><\/li>\n<\/ul>\n<p><span>(Po pirmojo abonemento m\u0117nesio kaina gr\u012f\u0161 \u012f pradin\u0119: 8.80 \u20ac per m\u0117nes\u012f.)<\/span><\/p>\n<p>Atsiskaitoma kas m\u0117nes\u012f. D\u0117l speciali\u0173 pasi\u016blym\u0173 susisiekite su mumis.<\/p>\n","protected":false},"excerpt":{"rendered":"<p>2 CPU Branduoliai 4 GB RAM 20 GB NVMe SSD Vietos 1 Dedikuotas IP (Po pirmojo abonemento m\u0117nesio kaina gr\u012f\u0161 \u012f pradin\u0119: 8.80 \u20ac per m\u0117nes\u012f.) Atsiskaitoma kas m\u0117nes\u012f. D\u0117l speciali\u0173 pasi\u016blym\u0173 susisiekite su mumis.<\/p>\n","protected":false},"featured_media":23254,"comment_status":"open","ping_status":"closed","template":"","meta":[],"product_cat":[154],"product_tag":[],"yoast_head":"<!-- This site is optimized with the Yoast SEO plugin v21.9.1 - https:\/\/yoast.com\/wordpress\/plugins\/seo\/ -->\n<title>VPS2 - Hostifull<\/title>\n<meta name=\"description\" content=\"Skaitykite daugiau apie VPS2 \u0161iame puslapyje. Hostifull si\u016blo interneto svetaini\u0173 k\u016brim\u0105, dizain\u0105, talpinim\u0105, VPS, analitikos paslaugas ir kitus interneto sprendimus.\" \/>\n<meta name=\"robots\" content=\"index, follow, max-snippet:-1, max-image-preview:large, max-video-preview:-1\" \/>\n<link rel=\"canonical\" href=\"https:\/\/hostifull.hostifull.com\/product\/vps2\/\" \/>\n<meta property=\"og:locale\" content=\"lt_LT\" \/>\n<meta property=\"og:type\" content=\"article\" \/>\n<meta property=\"og:title\" content=\"VPS2 - Hostifull\" \/>\n<meta property=\"og:description\" content=\"Skaitykite daugiau apie VPS2 \u0161iame puslapyje. Hostifull si\u016blo interneto svetaini\u0173 k\u016brim\u0105, dizain\u0105, talpinim\u0105, VPS, analitikos paslaugas ir kitus interneto sprendimus.\" \/>\n<meta property=\"og:url\" content=\"https:\/\/hostifull.hostifull.com\/product\/vps2\/\" \/>\n<meta property=\"og:site_name\" content=\"Hostifull\" \/>\n<meta name=\"twitter:card\" content=\"summary_large_image\" \/>\n<meta name=\"twitter:site\" content=\"@hostifull\" \/>\n<script type=\"application\/ld+json\" class=\"yoast-schema-graph\">{\"@context\":\"https:\/\/schema.org\",\"@graph\":[{\"@type\":\"WebPage\",\"@id\":\"https:\/\/hostifull.hostifull.com\/product\/vps2\/\",\"url\":\"https:\/\/hostifull.hostifull.com\/product\/vps2\/\",\"name\":\"VPS2 - Hostifull\",\"isPartOf\":{\"@id\":\"https:\/\/hostifull.hostifull.com\/#website\"},\"datePublished\":\"2024-01-25T20:40:34+00:00\",\"dateModified\":\"2024-01-25T20:40:34+00:00\",\"description\":\"Skaitykite daugiau apie VPS2 \u0161iame puslapyje. Hostifull si\u016blo interneto svetaini\u0173 k\u016brim\u0105, dizain\u0105, talpinim\u0105, VPS, analitikos paslaugas ir kitus interneto sprendimus.\",\"breadcrumb\":{\"@id\":\"https:\/\/hostifull.hostifull.com\/product\/vps2\/#breadcrumb\"},\"inLanguage\":\"lt-LT\",\"potentialAction\":[{\"@type\":\"ReadAction\",\"target\":[\"https:\/\/hostifull.hostifull.com\/product\/vps2\/\"]}]},{\"@type\":\"BreadcrumbList\",\"@id\":\"https:\/\/hostifull.hostifull.com\/product\/vps2\/#breadcrumb\",\"itemListElement\":[{\"@type\":\"ListItem\",\"position\":1,\"name\":\"Home\",\"item\":\"https:\/\/hostifull.hostifull.com\/\"},{\"@type\":\"ListItem\",\"position\":2,\"name\":\"Parduotuv\u0117\",\"item\":\"https:\/\/hostifull.hostifull.com\/lt\/parduotuve\/\"},{\"@type\":\"ListItem\",\"position\":3,\"name\":\"VPS2\"}]},{\"@type\":\"WebSite\",\"@id\":\"https:\/\/hostifull.hostifull.com\/#website\",\"url\":\"https:\/\/hostifull.hostifull.com\/\",\"name\":\"Hostifull\",\"description\":\"Hostingas ir svetaini\u0173 k\u016brimo paslaugos\",\"publisher\":{\"@id\":\"https:\/\/hostifull.hostifull.com\/#organization\"},\"potentialAction\":[{\"@type\":\"SearchAction\",\"target\":{\"@type\":\"EntryPoint\",\"urlTemplate\":\"https:\/\/hostifull.hostifull.com\/?s={search_term_string}\"},\"query-input\":\"required name=search_term_string\"}],\"inLanguage\":\"lt-LT\"},{\"@type\":\"Organization\",\"@id\":\"https:\/\/hostifull.hostifull.com\/#organization\",\"name\":\"Hostifull\",\"url\":\"https:\/\/hostifull.hostifull.com\/\",\"logo\":{\"@type\":\"ImageObject\",\"inLanguage\":\"lt-LT\",\"@id\":\"https:\/\/hostifull.hostifull.com\/#\/schema\/logo\/image\/\",\"url\":\"https:\/\/hostifull.hostifull.com\/wp-content\/uploads\/2023\/10\/hostifull-card-e1705088322439.png\",\"contentUrl\":\"https:\/\/hostifull.hostifull.com\/wp-content\/uploads\/2023\/10\/hostifull-card-e1705088322439.png\",\"width\":350,\"height\":141,\"caption\":\"Hostifull\"},\"image\":{\"@id\":\"https:\/\/hostifull.hostifull.com\/#\/schema\/logo\/image\/\"},\"sameAs\":[\"https:\/\/twitter.com\/hostifull\",\"https:\/\/www.linkedin.com\/company\/hostifull\/\"]}]}<\/script>\n<!-- \/ Yoast SEO plugin. -->","yoast_head_json":{"title":"VPS2 - Hostifull","description":"Skaitykite daugiau apie VPS2 \u0161iame puslapyje. Hostifull si\u016blo interneto svetaini\u0173 k\u016brim\u0105, dizain\u0105, talpinim\u0105, VPS, analitikos paslaugas ir kitus interneto sprendimus.","robots":{"index":"index","follow":"follow","max-snippet":"max-snippet:-1","max-image-preview":"max-image-preview:large","max-video-preview":"max-video-preview:-1"},"canonical":"https:\/\/hostifull.hostifull.com\/product\/vps2\/","og_locale":"lt_LT","og_type":"article","og_title":"VPS2 - Hostifull","og_description":"Skaitykite daugiau apie VPS2 \u0161iame puslapyje. Hostifull si\u016blo interneto svetaini\u0173 k\u016brim\u0105, dizain\u0105, talpinim\u0105, VPS, analitikos paslaugas ir kitus interneto sprendimus.","og_url":"https:\/\/hostifull.hostifull.com\/product\/vps2\/","og_site_name":"Hostifull","twitter_card":"summary_large_image","twitter_site":"@hostifull","schema":{"@context":"https:\/\/schema.org","@graph":[{"@type":"WebPage","@id":"https:\/\/hostifull.hostifull.com\/product\/vps2\/","url":"https:\/\/hostifull.hostifull.com\/product\/vps2\/","name":"VPS2 - Hostifull","isPartOf":{"@id":"https:\/\/hostifull.hostifull.com\/#website"},"datePublished":"2024-01-25T20:40:34+00:00","dateModified":"2024-01-25T20:40:34+00:00","description":"Skaitykite daugiau apie VPS2 \u0161iame puslapyje. Hostifull si\u016blo interneto svetaini\u0173 k\u016brim\u0105, dizain\u0105, talpinim\u0105, VPS, analitikos paslaugas ir kitus interneto sprendimus.","breadcrumb":{"@id":"https:\/\/hostifull.hostifull.com\/product\/vps2\/#breadcrumb"},"inLanguage":"lt-LT","potentialAction":[{"@type":"ReadAction","target":["https:\/\/hostifull.hostifull.com\/product\/vps2\/"]}]},{"@type":"BreadcrumbList","@id":"https:\/\/hostifull.hostifull.com\/product\/vps2\/#breadcrumb","itemListElement":[{"@type":"ListItem","position":1,"name":"Home","item":"https:\/\/hostifull.hostifull.com\/"},{"@type":"ListItem","position":2,"name":"Parduotuv\u0117","item":"https:\/\/hostifull.hostifull.com\/lt\/parduotuve\/"},{"@type":"ListItem","position":3,"name":"VPS2"}]},{"@type":"WebSite","@id":"https:\/\/hostifull.hostifull.com\/#website","url":"https:\/\/hostifull.hostifull.com\/","name":"Hostifull","description":"Hostingas ir svetaini\u0173 k\u016brimo paslaugos","publisher":{"@id":"https:\/\/hostifull.hostifull.com\/#organization"},"potentialAction":[{"@type":"SearchAction","target":{"@type":"EntryPoint","urlTemplate":"https:\/\/hostifull.hostifull.com\/?s={search_term_string}"},"query-input":"required name=search_term_string"}],"inLanguage":"lt-LT"},{"@type":"Organization","@id":"https:\/\/hostifull.hostifull.com\/#organization","name":"Hostifull","url":"https:\/\/hostifull.hostifull.com\/","logo":{"@type":"ImageObject","inLanguage":"lt-LT","@id":"https:\/\/hostifull.hostifull.com\/#\/schema\/logo\/image\/","url":"https:\/\/hostifull.hostifull.com\/wp-content\/uploads\/2023\/10\/hostifull-card-e1705088322439.png","contentUrl":"https:\/\/hostifull.hostifull.com\/wp-content\/uploads\/2023\/10\/hostifull-card-e1705088322439.png","width":350,"height":141,"caption":"Hostifull"},"image":{"@id":"https:\/\/hostifull.hostifull.com\/#\/schema\/logo\/image\/"},"sameAs":["https:\/\/twitter.com\/hostifull","https:\/\/www.linkedin.com\/company\/hostifull\/"]}]}},"jetpack_sharing_enabled":true,"_links":{"self":[{"href":"https:\/\/hostifull.hostifull.com\/lt\/wp-json\/wp\/v2\/product\/23640"}],"collection":[{"href":"https:\/\/hostifull.hostifull.com\/lt\/wp-json\/wp\/v2\/product"}],"about":[{"href":"https:\/\/hostifull.hostifull.com\/lt\/wp-json\/wp\/v2\/types\/product"}],"replies":[{"embeddable":true,"href":"https:\/\/hostifull.hostifull.com\/lt\/wp-json\/wp\/v2\/comments?post=23640"}],"wp:featuredmedia":[{"embeddable":true,"href":"https:\/\/hostifull.hostifull.com\/lt\/wp-json\/wp\/v2\/media\/23254"}],"wp:attachment":[{"href":"https:\/\/hostifull.hostifull.com\/lt\/wp-json\/wp\/v2\/media?parent=23640"}],"wp:term":[{"taxonomy":"product_cat","embeddable":true,"href":"https:\/\/hostifull.hostifull.com\/lt\/wp-json\/wp\/v2\/product_cat?post=23640"},{"taxonomy":"product_tag","embeddable":true,"href":"https:\/\/hostifull.hostifull.com\/lt\/wp-json\/wp\/v2\/product_tag?post=23640"}],"curies":[{"name":"wp","href":"https:\/\/api.w.org\/{rel}","templated":true}]}}